{"id":13,"date":"2025-06-27T01:03:30","date_gmt":"2025-06-27T01:03:30","guid":{"rendered":"https:\/\/gadgetaurashop.com\/cart\/"},"modified":"2025-07-01T16:27:16","modified_gmt":"2025-07-01T16:27:16","slug":"cart","status":"publish","type":"page","link":"https:\/\/gadgetaurashop.com\/tr\/cart\/","title":{"rendered":"Cart"},"content":{"rendered":"<div data-block-name=\"woocommerce\/cart\" class=\"wp-block-woocommerce-cart alignwide is-loading\">\n<div data-block-name=\"woocommerce\/filled-cart-block\" class=\"wp-block-woocommerce-filled-cart-block\">\n<div data-block-name=\"woocommerce\/cart-items-block\" class=\"wp-block-woocommerce-cart-items-block\">\n<div data-block-name=\"woocommerce\/cart-line-items-block\" class=\"wp-block-woocommerce-cart-line-items-block\"><\/div>\n\n\n\n<div data-block-name=\"woocommerce\/cart-cross-sells-block\" class=\"wp-block-woocommerce-cart-cross-sells-block\">\n<h2 class=\"wp-block-heading has-large-font-size\">You may be interested in\u2026<\/h2>\n\n\n\n<div data-block-name=\"woocommerce\/cart-cross-sells-products-block\" class=\"wp-block-woocommerce-cart-cross-sells-products-block\"><\/div>\n<\/div>\n<\/div>\n\n\n\n<div data-block-name=\"woocommerce\/cart-totals-block\" class=\"wp-block-woocommerce-cart-totals-block\">\n<div data-block-name=\"woocommerce\/cart-order-summary-block\" class=\"wp-block-woocommerce-cart-order-summary-block\">\n<div data-block-name=\"woocommerce\/cart-order-summary-heading-block\" class=\"wp-block-woocommerce-cart-order-summary-heading-block\"><\/div><div data-block-name=\"woocommerce\/cart-order-summary-coupon-form-block\" class=\"wp-block-woocommerce-cart-order-summary-coupon-form-block\"><\/div><div data-block-name=\"woocommerce\/cart-order-summary-totals-block\" class=\"wp-block-woocommerce-cart-order-summary-totals-block\">\n<div data-block-name=\"woocommerce\/cart-order-summary-subtotal-block\" class=\"wp-block-woocommerce-cart-order-summary-subtotal-block\"><\/div>\n<div data-block-name=\"woocommerce\/cart-order-summary-discount-block\" class=\"wp-block-woocommerce-cart-order-summary-discount-block\"><\/div>\n<div data-block-name=\"woocommerce\/cart-order-summary-fee-block\" class=\"wp-block-woocommerce-cart-order-summary-fee-block\"><\/div>\n<div data-block-name=\"woocommerce\/cart-order-summary-shipping-block\" class=\"wp-block-woocommerce-cart-order-summary-shipping-block\"><\/div>\n<div data-block-name=\"woocommerce\/cart-order-summary-taxes-block\" class=\"wp-block-woocommerce-cart-order-summary-taxes-block\"><\/div><\/div>\n<\/div>\n\n\n\n<div data-block-name=\"woocommerce\/cart-express-payment-block\" class=\"wp-block-woocommerce-cart-express-payment-block\"><\/div>\n\n\n\n<div data-block-name=\"woocommerce\/proceed-to-checkout-block\" class=\"wp-block-woocommerce-proceed-to-checkout-block\"><\/div>\n\n\n\n<div data-block-name=\"woocommerce\/cart-accepted-payment-methods-block\" class=\"wp-block-woocommerce-cart-accepted-payment-methods-block\"><\/div>\n<\/div>\n<\/div>\n\n\n\n<div data-block-name=\"woocommerce\/empty-cart-block\" class=\"wp-block-woocommerce-empty-cart-block\">\n<h2 class=\"wp-block-heading has-text-align-center with-empty-cart-icon wc-block-cart__empty-cart__title\">Your cart is currently empty!<\/h2>\n\n\n\n<hr class=\"wp-block-separator has-alpha-channel-opacity is-style-dots\"\/>\n\n\n\n<h2 class=\"wp-block-heading has-text-align-center\">New in store<\/h2>\n\n\n<div data-block-name=\"woocommerce\/product-new\" data-columns=\"4\" data-rows=\"1\" class=\"wc-block-grid wp-block-product-new wp-block-woocommerce-product-new wc-block-product-new has-4-columns\"><ul class=\"wc-block-grid__products\"><li class=\"wc-block-grid__product\">\n\t\t\t\t<a href=\"https:\/\/gadgetaurashop.com\/tr\/product\/boho-bangle-bracelet\/\" class=\"wc-block-grid__product-link\">\n\t\t\t\t\t\n\t\t\t\t\t<div class=\"wc-block-grid__product-image\"><img fetchpriority=\"high\" decoding=\"async\" width=\"300\" height=\"300\" src=\"https:\/\/i0.wp.com\/gadgetaurashop.com\/wp-content\/uploads\/2017\/12\/product-accessory1.jpg?resize=300%2C300&amp;ssl=1\" class=\"attachment-woocommerce_thumbnail size-woocommerce_thumbnail\" alt=\"Boho Bangle Bracelet\" srcset=\"https:\/\/i0.wp.com\/gadgetaurashop.com\/wp-content\/uploads\/2017\/12\/product-accessory1.jpg?w=1200&amp;ssl=1 1200w, https:\/\/i0.wp.com\/gadgetaurashop.com\/wp-content\/uploads\/2017\/12\/product-accessory1.jpg?resize=300%2C300&amp;ssl=1 300w, https:\/\/i0.wp.com\/gadgetaurashop.com\/wp-content\/uploads\/2017\/12\/product-accessory1.jpg?resize=1024%2C1024&amp;ssl=1 1024w, https:\/\/i0.wp.com\/gadgetaurashop.com\/wp-content\/uploads\/2017\/12\/product-accessory1.jpg?resize=150%2C150&amp;ssl=1 150w, https:\/\/i0.wp.com\/gadgetaurashop.com\/wp-content\/uploads\/2017\/12\/product-accessory1.jpg?resize=768%2C768&amp;ssl=1 768w, https:\/\/i0.wp.com\/gadgetaurashop.com\/wp-content\/uploads\/2017\/12\/product-accessory1.jpg?resize=12%2C12&amp;ssl=1 12w, https:\/\/i0.wp.com\/gadgetaurashop.com\/wp-content\/uploads\/2017\/12\/product-accessory1.jpg?resize=600%2C600&amp;ssl=1 600w, https:\/\/i0.wp.com\/gadgetaurashop.com\/wp-content\/uploads\/2017\/12\/product-accessory1.jpg?resize=100%2C100&amp;ssl=1 100w\" sizes=\"(max-width: 300px) 100vw, 300px\" \/><\/div>\n\t\t\t\t\t<div class=\"wc-block-grid__product-title\">Boho Bangle Bracelet<\/div>\n\t\t\t\t<\/a>\n\t\t\t\t<div class=\"wc-block-grid__product-price price\"><span class=\"woocommerce-Price-amount amount\" aria-hidden=\"true\"><span class=\"woocommerce-Price-currencySymbol\">&euro;<\/span>&nbsp;150,00<\/span> <span aria-hidden=\"true\"> \u2013 <\/span> <span class=\"woocommerce-Price-amount amount\" aria-hidden=\"true\"><span class=\"woocommerce-Price-currencySymbol\">&euro;<\/span>&nbsp;170,00<\/span><span class=\"screen-reader-text\" data-no-translation=\"\" data-trp-gettext=\"\">Fiyat aral\u0131\u011f\u0131: &euro;&nbsp;150,00 &#8211; &euro;&nbsp;170,00<\/span><\/div>\n\t\t\t\t\n\t\t\t\t<div class=\"wp-block-button wc-block-grid__product-add-to-cart\"><a href=\"https:\/\/gadgetaurashop.com\/tr\/product\/boho-bangle-bracelet\/\" aria-label=\"\u201cBoho Bangle Bracelet\u201d i\u00e7in se\u00e7enekleri se\u00e7in\" data-quantity=\"1\" data-product_id=\"4402\" data-product_sku=\"\" data-price=\"150\" rel=\"nofollow\" class=\"wp-block-button__link  add_to_cart_button\" data-no-translation=\"\" data-trp-gettext=\"\" data-no-translation-aria-label=\"\">Se\u00e7enekler<\/a><\/div>\n\t\t\t<\/li><li class=\"wc-block-grid__product\">\n\t\t\t\t<a href=\"https:\/\/gadgetaurashop.com\/tr\/product\/buddha-bracelet\/\" class=\"wc-block-grid__product-link\">\n\t\t\t\t\t\n\t\t\t\t\t<div class=\"wc-block-grid__product-image\"><img decoding=\"async\" width=\"300\" height=\"300\" src=\"https:\/\/i0.wp.com\/gadgetaurashop.com\/wp-content\/uploads\/2017\/12\/product-accessory3.jpg?resize=300%2C300&amp;ssl=1\" class=\"attachment-woocommerce_thumbnail size-woocommerce_thumbnail\" alt=\"Buddha Bracelet\" srcset=\"https:\/\/i0.wp.com\/gadgetaurashop.com\/wp-content\/uploads\/2017\/12\/product-accessory3.jpg?w=1200&amp;ssl=1 1200w, https:\/\/i0.wp.com\/gadgetaurashop.com\/wp-content\/uploads\/2017\/12\/product-accessory3.jpg?resize=300%2C300&amp;ssl=1 300w, https:\/\/i0.wp.com\/gadgetaurashop.com\/wp-content\/uploads\/2017\/12\/product-accessory3.jpg?resize=1024%2C1024&amp;ssl=1 1024w, https:\/\/i0.wp.com\/gadgetaurashop.com\/wp-content\/uploads\/2017\/12\/product-accessory3.jpg?resize=150%2C150&amp;ssl=1 150w, https:\/\/i0.wp.com\/gadgetaurashop.com\/wp-content\/uploads\/2017\/12\/product-accessory3.jpg?resize=768%2C768&amp;ssl=1 768w, https:\/\/i0.wp.com\/gadgetaurashop.com\/wp-content\/uploads\/2017\/12\/product-accessory3.jpg?resize=12%2C12&amp;ssl=1 12w, https:\/\/i0.wp.com\/gadgetaurashop.com\/wp-content\/uploads\/2017\/12\/product-accessory3.jpg?resize=600%2C600&amp;ssl=1 600w, https:\/\/i0.wp.com\/gadgetaurashop.com\/wp-content\/uploads\/2017\/12\/product-accessory3.jpg?resize=100%2C100&amp;ssl=1 100w\" sizes=\"(max-width: 300px) 100vw, 300px\" \/><\/div>\n\t\t\t\t\t<div class=\"wc-block-grid__product-title\">Buddha Bracelet<\/div>\n\t\t\t\t<\/a>\n\t\t\t\t<div class=\"wc-block-grid__product-price price\"><span class=\"woocommerce-Price-amount amount\"><span class=\"woocommerce-Price-currencySymbol\">&euro;<\/span>&nbsp;150,00<\/span><\/div>\n\t\t\t\t\n\t\t\t\t<div class=\"wp-block-button wc-block-grid__product-add-to-cart\"><a href=\"\/tr\/wp-json\/wp\/v2\/pages\/13?add-to-cart=4401\" aria-label=\"Sepete ekle: \u201cBuddha Bracelet\u201d\" data-quantity=\"1\" data-product_id=\"4401\" data-product_sku=\"\" data-price=\"150\" rel=\"nofollow\" class=\"wp-block-button__link  add_to_cart_button ajax_add_to_cart\" data-no-translation=\"\" data-trp-gettext=\"\" data-no-translation-aria-label=\"\">Sepete Ekle<\/a><\/div>\n\t\t\t<\/li><li class=\"wc-block-grid__product\">\n\t\t\t\t<a href=\"https:\/\/gadgetaurashop.com\/tr\/product\/dnk-black-shoes\/\" class=\"wc-block-grid__product-link\">\n\t\t\t\t\t\n\t\t\t\t\t<div class=\"wc-block-grid__product-image\"><img decoding=\"async\" width=\"300\" height=\"300\" src=\"https:\/\/i0.wp.com\/gadgetaurashop.com\/wp-content\/uploads\/2021\/03\/sports-shoe5.jpg?resize=300%2C300&amp;ssl=1\" class=\"attachment-woocommerce_thumbnail size-woocommerce_thumbnail\" alt=\"DNK Black Shoes\" srcset=\"https:\/\/i0.wp.com\/gadgetaurashop.com\/wp-content\/uploads\/2021\/03\/sports-shoe5.jpg?w=1200&amp;ssl=1 1200w, https:\/\/i0.wp.com\/gadgetaurashop.com\/wp-content\/uploads\/2021\/03\/sports-shoe5.jpg?resize=300%2C300&amp;ssl=1 300w, https:\/\/i0.wp.com\/gadgetaurashop.com\/wp-content\/uploads\/2021\/03\/sports-shoe5.jpg?resize=1024%2C1024&amp;ssl=1 1024w, https:\/\/i0.wp.com\/gadgetaurashop.com\/wp-content\/uploads\/2021\/03\/sports-shoe5.jpg?resize=150%2C150&amp;ssl=1 150w, https:\/\/i0.wp.com\/gadgetaurashop.com\/wp-content\/uploads\/2021\/03\/sports-shoe5.jpg?resize=768%2C768&amp;ssl=1 768w, https:\/\/i0.wp.com\/gadgetaurashop.com\/wp-content\/uploads\/2021\/03\/sports-shoe5.jpg?resize=12%2C12&amp;ssl=1 12w, https:\/\/i0.wp.com\/gadgetaurashop.com\/wp-content\/uploads\/2021\/03\/sports-shoe5.jpg?resize=600%2C600&amp;ssl=1 600w, https:\/\/i0.wp.com\/gadgetaurashop.com\/wp-content\/uploads\/2021\/03\/sports-shoe5.jpg?resize=100%2C100&amp;ssl=1 100w\" sizes=\"(max-width: 300px) 100vw, 300px\" \/><\/div>\n\t\t\t\t\t<div class=\"wc-block-grid__product-title\">DNK Black Shoes<\/div>\n\t\t\t\t<\/a>\n\t\t\t\t<div class=\"wc-block-grid__product-price price\"><span class=\"woocommerce-Price-amount amount\" aria-hidden=\"true\"><span class=\"woocommerce-Price-currencySymbol\">&euro;<\/span>&nbsp;175,00<\/span> <span aria-hidden=\"true\"> \u2013 <\/span> <span class=\"woocommerce-Price-amount amount\" aria-hidden=\"true\"><span class=\"woocommerce-Price-currencySymbol\">&euro;<\/span>&nbsp;200,00<\/span><span class=\"screen-reader-text\" data-no-translation=\"\" data-trp-gettext=\"\">Fiyat aral\u0131\u011f\u0131: &euro;&nbsp;175,00 &#8211; &euro;&nbsp;200,00<\/span><\/div>\n\t\t\t\t\n\t\t\t\t<div class=\"wp-block-button wc-block-grid__product-add-to-cart\"><a href=\"https:\/\/gadgetaurashop.com\/tr\/product\/dnk-black-shoes\/\" aria-label=\"\u201cDNK Black Shoes\u201d i\u00e7in se\u00e7enekleri se\u00e7in\" data-quantity=\"1\" data-product_id=\"375\" data-product_sku=\"\" data-price=\"175\" rel=\"nofollow\" class=\"wp-block-button__link  add_to_cart_button\" data-no-translation=\"\" data-trp-gettext=\"\" data-no-translation-aria-label=\"\">Se\u00e7enekler<\/a><\/div>\n\t\t\t<\/li><li class=\"wc-block-grid__product\">\n\t\t\t\t<a href=\"https:\/\/gadgetaurashop.com\/tr\/product\/dnk-yellow-shoes\/\" class=\"wc-block-grid__product-link\">\n\t\t\t\t\t<div class=\"wc-block-grid__product-onsale\">\n\t\t\t<span aria-hidden=\"true\" data-no-translation=\"\" data-trp-gettext=\"\">\u0130ndirim<\/span>\n\t\t\t<span class=\"screen-reader-text\" data-no-translation=\"\" data-trp-gettext=\"\">\u0130ndirimdeki \u00fcr\u00fcn<\/span>\n\t\t<\/div>\n\t\t\t\t\t<div class=\"wc-block-grid__product-image\"><img loading=\"lazy\" decoding=\"async\" width=\"300\" height=\"300\" src=\"https:\/\/i0.wp.com\/gadgetaurashop.com\/wp-content\/uploads\/2021\/03\/sports-shoe3.jpg?resize=300%2C300&amp;ssl=1\" class=\"attachment-woocommerce_thumbnail size-woocommerce_thumbnail\" alt=\"DNK Yellow Shoes\" srcset=\"https:\/\/i0.wp.com\/gadgetaurashop.com\/wp-content\/uploads\/2021\/03\/sports-shoe3.jpg?w=1200&amp;ssl=1 1200w, https:\/\/i0.wp.com\/gadgetaurashop.com\/wp-content\/uploads\/2021\/03\/sports-shoe3.jpg?resize=300%2C300&amp;ssl=1 300w, https:\/\/i0.wp.com\/gadgetaurashop.com\/wp-content\/uploads\/2021\/03\/sports-shoe3.jpg?resize=1024%2C1024&amp;ssl=1 1024w, https:\/\/i0.wp.com\/gadgetaurashop.com\/wp-content\/uploads\/2021\/03\/sports-shoe3.jpg?resize=150%2C150&amp;ssl=1 150w, https:\/\/i0.wp.com\/gadgetaurashop.com\/wp-content\/uploads\/2021\/03\/sports-shoe3.jpg?resize=768%2C768&amp;ssl=1 768w, https:\/\/i0.wp.com\/gadgetaurashop.com\/wp-content\/uploads\/2021\/03\/sports-shoe3.jpg?resize=12%2C12&amp;ssl=1 12w, https:\/\/i0.wp.com\/gadgetaurashop.com\/wp-content\/uploads\/2021\/03\/sports-shoe3.jpg?resize=600%2C600&amp;ssl=1 600w, https:\/\/i0.wp.com\/gadgetaurashop.com\/wp-content\/uploads\/2021\/03\/sports-shoe3.jpg?resize=100%2C100&amp;ssl=1 100w\" sizes=\"(max-width: 300px) 100vw, 300px\" \/><\/div>\n\t\t\t\t\t<div class=\"wc-block-grid__product-title\">DNK Yellow Shoes<\/div>\n\t\t\t\t<\/a>\n\t\t\t\t<div class=\"wc-block-grid__product-price price\"><del aria-hidden=\"true\"><span class=\"woocommerce-Price-amount amount\"><span class=\"woocommerce-Price-currencySymbol\">&euro;<\/span>&nbsp;150,00<\/span><\/del> <span class=\"screen-reader-text\" data-no-translation=\"\" data-trp-gettext=\"\">Orijinal fiyat: &euro;&nbsp;150,00.<\/span><ins aria-hidden=\"true\"><span class=\"woocommerce-Price-amount amount\"><span class=\"woocommerce-Price-currencySymbol\">&euro;<\/span>&nbsp;120,00<\/span><\/ins><span class=\"screen-reader-text\" data-no-translation=\"\" data-trp-gettext=\"\">\u015eu andaki fiyat: &euro;&nbsp;120,00.<\/span><\/div>\n\t\t\t\t\n\t\t\t\t<div class=\"wp-block-button wc-block-grid__product-add-to-cart\"><a href=\"\/tr\/wp-json\/wp\/v2\/pages\/13?add-to-cart=362\" aria-label=\"Sepete ekle: \u201cDNK Yellow Shoes\u201d\" data-quantity=\"1\" data-product_id=\"362\" data-product_sku=\"\" data-price=\"120\" rel=\"nofollow\" class=\"wp-block-button__link  add_to_cart_button ajax_add_to_cart\" data-no-translation=\"\" data-trp-gettext=\"\" data-no-translation-aria-label=\"\">Sepete Ekle<\/a><\/div>\n\t\t\t<\/li><\/ul><\/div><\/div>\n<\/div>","protected":false},"excerpt":{"rendered":"","protected":false},"author":1,"featured_media":0,"parent":0,"menu_order":0,"comment_status":"closed","ping_status":"closed","template":"","meta":{"om_disable_all_campaigns":false,"site-sidebar-layout":"default","site-content-layout":"","ast-site-content-layout":"default","site-content-style":"default","site-sidebar-style":"default","ast-global-header-display":"","ast-banner-title-visibility":"","ast-main-header-display":"","ast-hfb-above-header-display":"","ast-hfb-below-header-display":"","ast-hfb-mobile-header-display":"","site-post-title":"","ast-breadcrumbs-content":"","ast-featured-img":"","footer-sml-layout":"","theme-transparent-header-meta":"","adv-header-id-meta":"","stick-header-meta":"","header-above-stick-meta":"","header-main-stick-meta":"","header-below-stick-meta":"","astra-migrate-meta-layouts":"default","ast-page-background-enabled":"default","ast-page-background-meta":{"desktop":{"background-color":"","background-image":"","background-repeat":"repeat","background-position":"center center","background-size":"auto","background-attachment":"scroll","background-type":"","background-media":"","overlay-type":"","overlay-color":"","overlay-opacity":"","overlay-gradient":""},"tablet":{"background-color":"","background-image":"","background-repeat":"repeat","background-position":"center center","background-size":"auto","background-attachment":"scroll","background-type":"","background-media":"","overlay-type":"","overlay-color":"","overlay-opacity":"","overlay-gradient":""},"mobile":{"background-color":"","background-image":"","background-repeat":"repeat","background-position":"center center","background-size":"auto","background-attachment":"scroll","background-type":"","background-media":"","overlay-type":"","overlay-color":"","overlay-opacity":"","overlay-gradient":""}},"ast-content-background-meta":{"desktop":{"background-color":"var(--ast-global-color-5)","background-image":"","background-repeat":"repeat","background-position":"center center","background-size":"auto","background-attachment":"scroll","background-type":"","background-media":"","overlay-type":"","overlay-color":"","overlay-opacity":"","overlay-gradient":""},"tablet":{"background-color":"var(--ast-global-color-5)","background-image":"","background-repeat":"repeat","background-position":"center center","background-size":"auto","background-attachment":"scroll","background-type":"","background-media":"","overlay-type":"","overlay-color":"","overlay-opacity":"","overlay-gradient":""},"mobile":{"background-color":"var(--ast-global-color-5)","background-image":"","background-repeat":"repeat","background-position":"center center","background-size":"auto","background-attachment":"scroll","background-type":"","background-media":"","overlay-type":"","overlay-color":"","overlay-opacity":"","overlay-gradient":""}},"footnotes":""},"class_list":["post-13","page","type-page","status-publish","hentry"],"yoast_head":"<!-- This site is optimized with the Yoast SEO plugin v25.4 - https:\/\/yoast.com\/wordpress\/plugins\/seo\/ -->\n<title>Cart - gadgetaurashop.com<\/title>\n<meta name=\"robots\" content=\"index, follow, max-snippet:-1, max-image-preview:large, max-video-preview:-1\" \/>\n<link rel=\"canonical\" href=\"https:\/\/gadgetaurashop.com\/tr\/cart\/\" \/>\n<meta property=\"og:locale\" content=\"tr_TR\" \/>\n<meta property=\"og:type\" content=\"article\" \/>\n<meta property=\"og:title\" content=\"Cart - gadgetaurashop.com\" \/>\n<meta property=\"og:url\" content=\"https:\/\/gadgetaurashop.com\/tr\/cart\/\" \/>\n<meta property=\"og:site_name\" content=\"gadgetaurashop.com\" \/>\n<meta property=\"article:modified_time\" content=\"2025-07-01T16:27:16+00:00\" \/>\n<meta name=\"twitter:card\" content=\"summary_large_image\" \/>\n<script type=\"application\/ld+json\" class=\"yoast-schema-graph\">{\"@context\":\"https:\/\/schema.org\",\"@graph\":[{\"@type\":\"WebPage\",\"@id\":\"https:\/\/gadgetaurashop.com\/cart\/\",\"url\":\"https:\/\/gadgetaurashop.com\/cart\/\",\"name\":\"Cart - gadgetaurashop.com\",\"isPartOf\":{\"@id\":\"https:\/\/gadgetaurashop.com\/#website\"},\"datePublished\":\"2025-06-27T01:03:30+00:00\",\"dateModified\":\"2025-07-01T16:27:16+00:00\",\"breadcrumb\":{\"@id\":\"https:\/\/gadgetaurashop.com\/cart\/#breadcrumb\"},\"inLanguage\":\"tr\",\"potentialAction\":[{\"@type\":\"ReadAction\",\"target\":[\"https:\/\/gadgetaurashop.com\/cart\/\"]}]},{\"@type\":\"BreadcrumbList\",\"@id\":\"https:\/\/gadgetaurashop.com\/cart\/#breadcrumb\",\"itemListElement\":[{\"@type\":\"ListItem\",\"position\":1,\"name\":\"\u041d\u0430\u0447\u0430\u043b\u043e\",\"item\":\"https:\/\/gadgetaurashop.com\/\"},{\"@type\":\"ListItem\",\"position\":2,\"name\":\"Cart\"}]},{\"@type\":\"WebSite\",\"@id\":\"https:\/\/gadgetaurashop.com\/#website\",\"url\":\"https:\/\/gadgetaurashop.com\/\",\"name\":\"gadgetaurashop.com\",\"description\":\"\",\"publisher\":{\"@id\":\"https:\/\/gadgetaurashop.com\/#organization\"},\"potentialAction\":[{\"@type\":\"SearchAction\",\"target\":{\"@type\":\"EntryPoint\",\"urlTemplate\":\"https:\/\/gadgetaurashop.com\/?s={search_term_string}\"},\"query-input\":{\"@type\":\"PropertyValueSpecification\",\"valueRequired\":true,\"valueName\":\"search_term_string\"}}],\"inLanguage\":\"tr\"},{\"@type\":\"Organization\",\"@id\":\"https:\/\/gadgetaurashop.com\/#organization\",\"name\":\"GadgetAura by MELiN\",\"url\":\"https:\/\/gadgetaurashop.com\/\",\"logo\":{\"@type\":\"ImageObject\",\"inLanguage\":\"tr\",\"@id\":\"https:\/\/gadgetaurashop.com\/#\/schema\/logo\/image\/\",\"url\":\"https:\/\/i0.wp.com\/gadgetaurashop.com\/wp-content\/uploads\/2025\/07\/F430891B-BD8C-4A59-9F35-8B53C0F62FA9-2-e1751546603434.png?fit=160%2C160&ssl=1\",\"contentUrl\":\"https:\/\/i0.wp.com\/gadgetaurashop.com\/wp-content\/uploads\/2025\/07\/F430891B-BD8C-4A59-9F35-8B53C0F62FA9-2-e1751546603434.png?fit=160%2C160&ssl=1\",\"width\":160,\"height\":160,\"caption\":\"GadgetAura by MELiN\"},\"image\":{\"@id\":\"https:\/\/gadgetaurashop.com\/#\/schema\/logo\/image\/\"},\"sameAs\":[\"https:\/\/www.tiktok.com\/@gadgetaurashopbymelin\"]}]}<\/script>\n<!-- \/ Yoast SEO plugin. -->","yoast_head_json":{"title":"Cart - gadgetaurashop.com","robots":{"index":"index","follow":"follow","max-snippet":"max-snippet:-1","max-image-preview":"max-image-preview:large","max-video-preview":"max-video-preview:-1"},"canonical":"https:\/\/gadgetaurashop.com\/tr\/cart\/","og_locale":"tr_TR","og_type":"article","og_title":"Cart - gadgetaurashop.com","og_url":"https:\/\/gadgetaurashop.com\/tr\/cart\/","og_site_name":"gadgetaurashop.com","article_modified_time":"2025-07-01T16:27:16+00:00","twitter_card":"summary_large_image","schema":{"@context":"https:\/\/schema.org","@graph":[{"@type":"WebPage","@id":"https:\/\/gadgetaurashop.com\/cart\/","url":"https:\/\/gadgetaurashop.com\/cart\/","name":"Cart - gadgetaurashop.com","isPartOf":{"@id":"https:\/\/gadgetaurashop.com\/#website"},"datePublished":"2025-06-27T01:03:30+00:00","dateModified":"2025-07-01T16:27:16+00:00","breadcrumb":{"@id":"https:\/\/gadgetaurashop.com\/cart\/#breadcrumb"},"inLanguage":"tr","potentialAction":[{"@type":"ReadAction","target":["https:\/\/gadgetaurashop.com\/cart\/"]}]},{"@type":"BreadcrumbList","@id":"https:\/\/gadgetaurashop.com\/cart\/#breadcrumb","itemListElement":[{"@type":"ListItem","position":1,"name":"\u041d\u0430\u0447\u0430\u043b\u043e","item":"https:\/\/gadgetaurashop.com\/"},{"@type":"ListItem","position":2,"name":"Cart"}]},{"@type":"WebSite","@id":"https:\/\/gadgetaurashop.com\/#website","url":"https:\/\/gadgetaurashop.com\/","name":"gadgetaurashop.com","description":"","publisher":{"@id":"https:\/\/gadgetaurashop.com\/#organization"},"potentialAction":[{"@type":"SearchAction","target":{"@type":"EntryPoint","urlTemplate":"https:\/\/gadgetaurashop.com\/?s={search_term_string}"},"query-input":{"@type":"PropertyValueSpecification","valueRequired":true,"valueName":"search_term_string"}}],"inLanguage":"tr"},{"@type":"Organization","@id":"https:\/\/gadgetaurashop.com\/#organization","name":"GadgetAura by MELiN","url":"https:\/\/gadgetaurashop.com\/","logo":{"@type":"ImageObject","inLanguage":"tr","@id":"https:\/\/gadgetaurashop.com\/#\/schema\/logo\/image\/","url":"https:\/\/i0.wp.com\/gadgetaurashop.com\/wp-content\/uploads\/2025\/07\/F430891B-BD8C-4A59-9F35-8B53C0F62FA9-2-e1751546603434.png?fit=160%2C160&ssl=1","contentUrl":"https:\/\/i0.wp.com\/gadgetaurashop.com\/wp-content\/uploads\/2025\/07\/F430891B-BD8C-4A59-9F35-8B53C0F62FA9-2-e1751546603434.png?fit=160%2C160&ssl=1","width":160,"height":160,"caption":"GadgetAura by MELiN"},"image":{"@id":"https:\/\/gadgetaurashop.com\/#\/schema\/logo\/image\/"},"sameAs":["https:\/\/www.tiktok.com\/@gadgetaurashopbymelin"]}]}},"jetpack_sharing_enabled":true,"_links":{"self":[{"href":"https:\/\/gadgetaurashop.com\/tr\/wp-json\/wp\/v2\/pages\/13","targetHints":{"allow":["GET"]}}],"collection":[{"href":"https:\/\/gadgetaurashop.com\/tr\/wp-json\/wp\/v2\/pages"}],"about":[{"href":"https:\/\/gadgetaurashop.com\/tr\/wp-json\/wp\/v2\/types\/page"}],"author":[{"embeddable":true,"href":"https:\/\/gadgetaurashop.com\/tr\/wp-json\/wp\/v2\/users\/1"}],"replies":[{"embeddable":true,"href":"https:\/\/gadgetaurashop.com\/tr\/wp-json\/wp\/v2\/comments?post=13"}],"version-history":[{"count":1,"href":"https:\/\/gadgetaurashop.com\/tr\/wp-json\/wp\/v2\/pages\/13\/revisions"}],"predecessor-version":[{"id":56,"href":"https:\/\/gadgetaurashop.com\/tr\/wp-json\/wp\/v2\/pages\/13\/revisions\/56"}],"wp:attachment":[{"href":"https:\/\/gadgetaurashop.com\/tr\/wp-json\/wp\/v2\/media?parent=13"}],"curies":[{"name":"wp","href":"https:\/\/api.w.org\/{rel}","templated":true}]}}